{"id":51494,"date":"2019-04-30T09:26:39","date_gmt":"2019-04-30T09:26:39","guid":{"rendered":"https:\/\/upgrade-q.tedbernhardtz.com\/atworkcollectionshop\/?post_type=product&#038;p=51494"},"modified":"2024-07-11T20:29:45","modified_gmt":"2024-07-11T20:29:45","slug":"ullrock-herr-filip-501160490","status":"publish","type":"product","link":"https:\/\/upgrade-q.tedbernhardtz.com\/atworkcollectionshop\/se\/produkt\/ullrock-herr-filip-501160490\/","title":{"rendered":"Ullrock herr Filip"},"content":{"rendered":"<p>Filip \u00e4r en ullrock i svart ullmix fr\u00e5n Ted Bernhardtz At Work. Rocken har en normal passform och klassisk design i Meltonull med en sl\u00e4t yta och tyngd i materialet. Rocken \u00e4r enkelkn\u00e4ppt med tre knappar och har tv\u00e5 lutande stolpfickor framtill. Rocken \u00e4r st\u00e4ngningsbar i hals med tamp och knapp,\u00a0har slits mitt bak och \u00e4rmslitsar med tre knappar. Rocken \u00e4r helfodrad med tv\u00e5 innerfickor med tamp och knapp och en pennficka p\u00e5 v\u00e4nster sida.<\/p>\r\n<p>B\u00e4r ullrocken \u00f6ver din Ted Bernhardtz At Work-kostym f\u00f6r en komplett utomhuslook.<\/p>","protected":false},"excerpt":{"rendered":"Filip \u00e4r en ullrock i svart ullmix fr\u00e5n Ted Bernhardtz At Work. Rocken har en normal passform och klassisk design i Meltonull med en sl\u00e4t yta och tyngd i materialet. Rocken \u00e4r enkelkn\u00e4ppt med tre knappar och har tv\u00e5 lutande stolpfickor framtill. Rocken \u00e4r st\u00e4ngningsbar i hals med tamp och knapp,\u00a0har slits mitt bak och&#8230;","protected":false},"featured_media":56541,"template":"","meta":[],"product_cat":[2635,2645],"product_tag":[],"acf":[],"lang":"se","translations":{"se":51494,"en":51331},"pll_sync_post":[],"_links":{"self":[{"href":"https:\/\/upgrade-q.tedbernhardtz.com\/atworkcollectionshop\/wp-json\/wp\/v2\/product\/51494"}],"collection":[{"href":"https:\/\/upgrade-q.tedbernhardtz.com\/atworkcollectionshop\/wp-json\/wp\/v2\/product"}],"about":[{"href":"https:\/\/upgrade-q.tedbernhardtz.com\/atworkcollectionshop\/wp-json\/wp\/v2\/types\/product"}],"wp:featuredmedia":[{"embeddable":true,"href":"https:\/\/upgrade-q.tedbernhardtz.com\/atworkcollectionshop\/wp-json\/wp\/v2\/media\/56541"}],"wp:attachment":[{"href":"https:\/\/upgrade-q.tedbernhardtz.com\/atworkcollectionshop\/wp-json\/wp\/v2\/media?parent=51494"}],"wp:term":[{"taxonomy":"product_cat","embeddable":true,"href":"https:\/\/upgrade-q.tedbernhardtz.com\/atworkcollectionshop\/wp-json\/wp\/v2\/product_cat?post=51494"},{"taxonomy":"product_tag","embeddable":true,"href":"https:\/\/upgrade-q.tedbernhardtz.com\/atworkcollectionshop\/wp-json\/wp\/v2\/product_tag?post=51494"}],"curies":[{"name":"wp","href":"https:\/\/api.w.org\/{rel}","templated":true}]}}