{"id":51492,"date":"2019-04-30T09:26:20","date_gmt":"2019-04-30T09:26:20","guid":{"rendered":"https:\/\/upgrade-q.tedbernhardtz.com\/atworkcollectionshop\/?post_type=product&#038;p=51492"},"modified":"2024-07-11T20:29:46","modified_gmt":"2024-07-11T20:29:46","slug":"ullrock-dam-louise-501160590","status":"publish","type":"product","link":"https:\/\/upgrade-q.tedbernhardtz.com\/atworkcollectionshop\/se\/produkt\/ullrock-dam-louise-501160590\/","title":{"rendered":"Ullrock dam Louise"},"content":{"rendered":"<p>Louise \u00e4r en ullrock i svart ullmix fr\u00e5n Ted Bernhardtz At Work. Rocken har en normal passform och klassisk design i Meltonull med en sl\u00e4t yta och tyngd i materialet. Rocken \u00e4r enkelkn\u00e4ppt med tre knappar och har tv\u00e5 lutande stolpfickor framtill. Rocken \u00e4r st\u00e4ngningsbar i hals med tamp och knapp,\u00a0har slits mitt bak och \u00e4rmslitsar med tre knappar. Rocken \u00e4r helfodrad med tv\u00e5 innerfickor med tamp och knapp.<\/p>\r\n<p>B\u00e4r ullrocken \u00f6ver din Ted Bernhardtz At Work-kostym f\u00f6r en komplett utomhuslook.<\/p>","protected":false},"excerpt":{"rendered":"Louise \u00e4r en ullrock i svart ullmix fr\u00e5n Ted Bernhardtz At Work. Rocken har en normal passform och klassisk design i Meltonull med en sl\u00e4t yta och tyngd i materialet. Rocken \u00e4r enkelkn\u00e4ppt med tre knappar och har tv\u00e5 lutande stolpfickor framtill. Rocken \u00e4r st\u00e4ngningsbar i hals med tamp och knapp,\u00a0har slits mitt bak och&#8230;","protected":false},"featured_media":56543,"template":"","meta":[],"product_cat":[2635,2645],"product_tag":[],"acf":[],"lang":"se","translations":{"se":51492,"en":51340},"pll_sync_post":[],"_links":{"self":[{"href":"https:\/\/upgrade-q.tedbernhardtz.com\/atworkcollectionshop\/wp-json\/wp\/v2\/product\/51492"}],"collection":[{"href":"https:\/\/upgrade-q.tedbernhardtz.com\/atworkcollectionshop\/wp-json\/wp\/v2\/product"}],"about":[{"href":"https:\/\/upgrade-q.tedbernhardtz.com\/atworkcollectionshop\/wp-json\/wp\/v2\/types\/product"}],"wp:featuredmedia":[{"embeddable":true,"href":"https:\/\/upgrade-q.tedbernhardtz.com\/atworkcollectionshop\/wp-json\/wp\/v2\/media\/56543"}],"wp:attachment":[{"href":"https:\/\/upgrade-q.tedbernhardtz.com\/atworkcollectionshop\/wp-json\/wp\/v2\/media?parent=51492"}],"wp:term":[{"taxonomy":"product_cat","embeddable":true,"href":"https:\/\/upgrade-q.tedbernhardtz.com\/atworkcollectionshop\/wp-json\/wp\/v2\/product_cat?post=51492"},{"taxonomy":"product_tag","embeddable":true,"href":"https:\/\/upgrade-q.tedbernhardtz.com\/atworkcollectionshop\/wp-json\/wp\/v2\/product_tag?post=51492"}],"curies":[{"name":"wp","href":"https:\/\/api.w.org\/{rel}","templated":true}]}}